{"id":582,"date":"2025-06-04T12:36:06","date_gmt":"2025-06-04T10:36:06","guid":{"rendered":"https:\/\/www.amdomotics.com\/partners\/"},"modified":"2025-10-28T12:41:50","modified_gmt":"2025-10-28T11:41:50","slug":"partners","status":"publish","type":"page","link":"https:\/\/www.amdomotics.com\/ca\/partners\/","title":{"rendered":"Partners"},"content":{"rendered":"<!--themify_builder_content-->\n<div id=\"themify_builder_content-582\" data-postid=\"582\" class=\"themify_builder_content themify_builder_content-582 themify_builder tf_clear\">\n                    <div  data-css_id=\"5585242\" data-lazy=\"1\" class=\"module_row themify_builder_row fullwidth_row_container tb_5585242 tb_first tf_w\">\n            <span  class=\"builder_row_cover tf_abs\" data-lazy=\"1\"><\/span>            <div class=\"row_inner col_align_top tb_col_count_1 tf_box tf_rel\">\n                        <div  data-lazy=\"1\" class=\"module_column tb-column col-full tb_8fiq000 first\">\n                    <!-- module text -->\n<div  class=\"module module-text tb_6ecw419   \" data-lazy=\"1\">\n        <div  class=\"tb_text_wrap\">\n        <h1 style=\"margin-bottom: 0;\">Els nostres Partners<\/h1>\n<h5>AM Domotics<\/h5>    <\/div>\n<\/div>\n<!-- \/module text -->        <\/div>\n                        <\/div>\n        <\/div>\n                        <div  data-lazy=\"1\" class=\"module_row themify_builder_row tb_axcl077 tf_w\">\n                        <div class=\"row_inner col_align_top tb_col_count_1 tf_box tf_rel\">\n                        <div  data-lazy=\"1\" class=\"module_column tb-column col-full tb_yx1t000 first\">\n                    <!-- module text -->\n<div  class=\"module module-text tb_go45010   \" data-lazy=\"1\">\n        <div  class=\"tb_text_wrap\">\n        <p data-start=\"97\" data-end=\"510\">La nostra traject\u00f2ria es recolza en tres eixos: <strong data-start=\"140\" data-end=\"164\">experi\u00e8ncia en camp, esfor\u00e7 constant i millora continuada<\/strong>. Aquest enfocament ens ha perm\u00e8s construir relacions de confian\u00e7a amb els principals fabricants i treballar sempre amb <strong data-start=\"166\" data-end=\"188\">plataformes obertes i interoperables<\/strong>, preparades per a entorns <strong data-start=\"191\" data-end=\"210\">IoT <\/strong>(KNX, Zigbee\/Thread-Matter, BACnet, Modbus), evitant el lock-in i garantint projectes escalables. <\/p>\n<p data-start=\"512\" data-end=\"669\">Col\u00b7laborem estretament amb marques de primer nivell per assegurar qualitat, innovaci\u00f3 i suport t\u00e8cnic excel\u00b7lent a cada fase del projecte.<\/p>\n<p data-start=\"671\" data-end=\"711\">Qu\u00e8 guanya el client amb aquestes aliances?<\/p>\n<p data-start=\"714\" data-end=\"796\">Qu\u00e8 guanya el client amb aquestes aliances?<\/p>\n<p data-start=\"898\" data-end=\"993\">Suport expert: acc\u00e9s directe a enginyeria de fabricant, formaci\u00f3 i best practices.<\/p>\n<p data-start=\"996\" data-end=\"1079\">Ciberseguretat i compliment: actualitzacions, microprogramari i normatives al dia.<\/p>\n<p data-start=\"1082\" data-end=\"1163\">Rendiment mesurable: millors temps de posada en marxa i menys incid\u00e8ncies.<\/p>\n<p data-start=\"1165\" data-end=\"1369\" data-is-last-node=\"\" data-is-only-node=\"\">Fabricants de refer\u00e8ncia Schneider Electric, Jung, Iddero, Intesis, ABB i Siemens, entre d&#8217;altres; seleccionats pel seu comprom\u00eds amb la qualitat, inversi\u00f3 en R+D i excel\u00b7l\u00e8ncia en atenci\u00f3 al client.<\/p>    <\/div>\n<\/div>\n<!-- \/module text -->        <div  data-lazy=\"1\" class=\"module_subrow themify_builder_sub_row tf_w col_align_top tb_col_count_3 tb_pbjv202\">\n                <div  data-lazy=\"1\" class=\"module_column sub_column col3-1 tb_6u8y213 first\">\n                    <!-- module image -->\n<div  class=\"module module-image tb_07p6435 image-center   tf_mw\" data-lazy=\"1\">\n        <div class=\"image-wrap tf_rel tf_mw\">\n            <img loading=\"lazy\" decoding=\"async\" src=\"https:\/\/www.amdomotics.com\/wp-content\/uploads\/2025\/08\/knx_500-160x160.png\" width=\"160\" height=\"160\" class=\"wp-post-image wp-image-579\" title=\"knx+_500\" alt=\"knx+_500\" srcset=\"https:\/\/www.amdomotics.com\/wp-content\/uploads\/2025\/08\/knx_500-160x160.png 160w, https:\/\/www.amdomotics.com\/wp-content\/uploads\/2025\/08\/knx_500-300x300.png 300w, https:\/\/www.amdomotics.com\/wp-content\/uploads\/2025\/08\/knx_500-150x150.png 150w, https:\/\/www.amdomotics.com\/wp-content\/uploads\/2025\/08\/knx_500.png 514w\" sizes=\"auto, (max-width: 160px) 100vw, 160px\" \/>    \n        <\/div>\n    <!-- \/image-wrap -->\n    \n        <\/div>\n<!-- \/module image -->        <\/div>\n                    <div  data-lazy=\"1\" class=\"module_column sub_column col3-1 tb_af4o623\">\n                    <!-- module image -->\n<div  class=\"module module-image tb_8oo7310 image-center   tf_mw\" data-lazy=\"1\">\n        <div class=\"image-wrap tf_rel tf_mw\">\n            <img loading=\"lazy\" decoding=\"async\" src=\"https:\/\/www.amdomotics.com\/wp-content\/uploads\/2025\/08\/Logo_of_Modbus.svg-1024x346-160x54.png\" width=\"160\" height=\"54\" class=\"wp-post-image wp-image-585\" title=\"Logo_of_Modbus.svg\" alt=\"Logo_of_Modbus.svg\" srcset=\"https:\/\/www.amdomotics.com\/wp-content\/uploads\/2025\/08\/Logo_of_Modbus.svg-1024x346-160x54.png 160w, https:\/\/www.amdomotics.com\/wp-content\/uploads\/2025\/08\/Logo_of_Modbus.svg-300x101.png 300w, https:\/\/www.amdomotics.com\/wp-content\/uploads\/2025\/08\/Logo_of_Modbus.svg-1024x346.png 1024w, https:\/\/www.amdomotics.com\/wp-content\/uploads\/2025\/08\/Logo_of_Modbus.svg-768x260.png 768w, https:\/\/www.amdomotics.com\/wp-content\/uploads\/2025\/08\/Logo_of_Modbus.svg-1536x519.png 1536w, https:\/\/www.amdomotics.com\/wp-content\/uploads\/2025\/08\/Logo_of_Modbus.svg-2048x692.png 2048w\" sizes=\"auto, (max-width: 160px) 100vw, 160px\" \/>    \n        <\/div>\n    <!-- \/image-wrap -->\n    \n        <\/div>\n<!-- \/module image -->        <\/div>\n                    <div  data-lazy=\"1\" class=\"module_column sub_column col3-1 tb_mkrc244 last\">\n                    <!-- module image -->\n<div  class=\"module module-image tb_hxsj450 image-center   tf_mw\" data-lazy=\"1\">\n        <div class=\"image-wrap tf_rel tf_mw\">\n            <img loading=\"lazy\" decoding=\"async\" src=\"https:\/\/www.amdomotics.com\/wp-content\/uploads\/2025\/08\/4311ce00-6c4e-11e9-891a-37a56addc091-1024x512-160x80.png\" width=\"160\" height=\"80\" class=\"wp-post-image wp-image-583\" title=\"4311ce00-6c4e-11e9-891a-37a56addc091\" alt=\"4311ce00-6c4e-11e9-891a-37a56addc091\" srcset=\"https:\/\/www.amdomotics.com\/wp-content\/uploads\/2025\/08\/4311ce00-6c4e-11e9-891a-37a56addc091-1024x512-160x80.png 160w, https:\/\/www.amdomotics.com\/wp-content\/uploads\/2025\/08\/4311ce00-6c4e-11e9-891a-37a56addc091-300x150.png 300w, https:\/\/www.amdomotics.com\/wp-content\/uploads\/2025\/08\/4311ce00-6c4e-11e9-891a-37a56addc091-1024x512.png 1024w, https:\/\/www.amdomotics.com\/wp-content\/uploads\/2025\/08\/4311ce00-6c4e-11e9-891a-37a56addc091-768x384.png 768w, https:\/\/www.amdomotics.com\/wp-content\/uploads\/2025\/08\/4311ce00-6c4e-11e9-891a-37a56addc091.png 1280w\" sizes=\"auto, (max-width: 160px) 100vw, 160px\" \/>    \n        <\/div>\n    <!-- \/image-wrap -->\n    \n        <\/div>\n<!-- \/module image -->        <\/div>\n                    <\/div>\n                <div  data-lazy=\"1\" class=\"module_subrow themify_builder_sub_row tf_w col_align_top tb_col_count_2 tb_m3tp447\">\n                <div  data-lazy=\"1\" class=\"module_column sub_column col4-2 tb_qquy447 first\">\n                    <!-- module image -->\n<div  class=\"module module-image tb_s2my447 image-center   tf_mw\" data-lazy=\"1\">\n        <div class=\"image-wrap tf_rel tf_mw\">\n            <img loading=\"lazy\" decoding=\"async\" src=\"https:\/\/www.amdomotics.com\/wp-content\/uploads\/2025\/08\/schneider_2-160x160.png\" width=\"160\" height=\"160\" class=\"wp-post-image wp-image-580\" title=\"schneider_2\" alt=\"schneider_2\" srcset=\"https:\/\/www.amdomotics.com\/wp-content\/uploads\/2025\/08\/schneider_2-160x160.png 160w, https:\/\/www.amdomotics.com\/wp-content\/uploads\/2025\/08\/schneider_2-300x300.png 300w, https:\/\/www.amdomotics.com\/wp-content\/uploads\/2025\/08\/schneider_2-150x150.png 150w, https:\/\/www.amdomotics.com\/wp-content\/uploads\/2025\/08\/schneider_2.png 514w\" sizes=\"auto, (max-width: 160px) 100vw, 160px\" \/>    \n        <\/div>\n    <!-- \/image-wrap -->\n    \n        <\/div>\n<!-- \/module image -->        <\/div>\n                    <div  data-lazy=\"1\" class=\"module_column sub_column col4-2 tb_s3mv447 last\">\n                    <!-- module image -->\n<div  class=\"module module-image tb_w3v5447 image-center   tf_mw\" data-lazy=\"1\">\n        <div class=\"image-wrap tf_rel tf_mw\">\n            <img loading=\"lazy\" decoding=\"async\" src=\"https:\/\/www.amdomotics.com\/wp-content\/uploads\/2025\/08\/schneider_1-160x160.png\" width=\"160\" height=\"160\" class=\"wp-post-image wp-image-581\" title=\"schneider_1\" alt=\"schneider_1\" srcset=\"https:\/\/www.amdomotics.com\/wp-content\/uploads\/2025\/08\/schneider_1-160x160.png 160w, https:\/\/www.amdomotics.com\/wp-content\/uploads\/2025\/08\/schneider_1-300x300.png 300w, https:\/\/www.amdomotics.com\/wp-content\/uploads\/2025\/08\/schneider_1-150x150.png 150w, https:\/\/www.amdomotics.com\/wp-content\/uploads\/2025\/08\/schneider_1.png 514w\" sizes=\"auto, (max-width: 160px) 100vw, 160px\" \/>    \n        <\/div>\n    <!-- \/image-wrap -->\n    \n        <\/div>\n<!-- \/module image -->        <\/div>\n                    <\/div>\n                <\/div>\n                        <\/div>\n        <\/div>\n                        <div  data-lazy=\"1\" class=\"module_row themify_builder_row tb_4ixq835 tf_w\">\n            <span  class=\"builder_row_cover tf_abs\" data-lazy=\"1\"><\/span>            <div class=\"row_inner col_align_top tb_col_count_1 tf_box tf_rel\">\n                        <div  data-lazy=\"1\" class=\"module_column tb-column col-full tb_hd6d835 first\">\n                    <!-- module text -->\n<div  class=\"module module-text tb_4ac3835   \" data-lazy=\"1\">\n        <div  class=\"tb_text_wrap\">\n        <h2>Parlem del teu projecte?<\/h2>    <\/div>\n<\/div>\n<!-- \/module text --><!-- module buttons -->\n<div  class=\"module module-buttons tb_wnd0835 buttons-horizontal outline   squared\" data-lazy=\"1\">\n        <div class=\"module-buttons-item tf_in_flx\">\n                        <a href=\"https:\/\/www.amdomotics.com\/ca\/contactar\/\" class=\"ui builder_button tf_in_flx tb_default_color\" >\n                                                Contactar                                        <\/a>\n                <\/div>\n            <\/div>\n<!-- \/module buttons -->\n        <\/div>\n                        <\/div>\n        <\/div>\n                        <div  data-css_id=\"negu010\" data-lazy=\"1\" class=\"module_row themify_builder_row fullwidth tb_negu010 tf_w\">\n                        <div class=\"row_inner col_align_top tb_col_count_1 tf_box tf_rel\">\n                        <div  data-lazy=\"1\" class=\"module_column tb-column col-full tb_j5i1066 first\">\n                    <!-- module plain text -->\n<div  class=\"module module-plain-text tb_c8z3075 \" data-lazy=\"1\">\n        <div class=\"tb_text_wrap\">\n    <iframe src=\"https:\/\/www.google.com\/maps\/embed?pb=!1m18!1m12!1m3!1d2983.579724237526!2d0.5793490764730385!3d41.59997398278125!2m3!1f0!2f0!3f0!3m2!1i1024!2i768!4f13.1!3m3!1m2!1s0x12a71f8aa61bfa81%3A0xef86fb2159db8f3!2sCEEILLEIDA%20(edifici%203)!5e0!3m2!1ses!2ses!4v1747397601936!5m2!1ses!2ses\" width=\"100%\" height=\"450\" style=\"border:0;\" allowfullscreen=\"\" loading=\"lazy\" referrerpolicy=\"no-referrer-when-downgrade\"><\/iframe>    <\/div>\n<\/div>\n<!-- \/module plain text -->        <\/div>\n                        <\/div>\n        <\/div>\n                        <div  data-lazy=\"1\" class=\"module_row themify_builder_row tb_0rt7001 tf_w\">\n                        <div class=\"row_inner col_align_top gutter-none tb_col_count_2 tf_box tf_rel\">\n                        <div  data-lazy=\"1\" class=\"module_column tb-column col4-3 tb_9te5525 first\">\n                            <div  data-lazy=\"1\" class=\"module_subrow themify_builder_sub_row tf_w col_align_top gutter-none tb_col_count_2 tb_8ygx262\">\n                <div  data-lazy=\"1\" class=\"module_column sub_column col3-1 tb_bhg9955 first\">\n                    <!-- module text -->\n<div  class=\"module module-text tb_4ttk532   \" data-lazy=\"1\">\n        <div  class=\"tb_text_wrap\">\n        <h5>Direcci\u00f3<\/h5>\n<p>Partida de la caparrella 97<br>CEEI Lleida edif. 3 modul 3.10<br>25192 Lleida <\/p>\n    <\/div>\n<\/div>\n<!-- \/module text --><!-- module divider -->\n<div  class=\"module tf_mw module-divider tb_48m8072 solid   \" style=\"border-width: 1px;border-color: #48d7e3;margin-bottom: 30px;\" data-lazy=\"1\">\n    <\/div>\n<!-- \/module divider -->\n<!-- module text -->\n<div  class=\"module module-text tb_c8e0600   \" data-lazy=\"1\">\n        <div  class=\"tb_text_wrap\">\n        <p>info@amdomotics.com<br>T. 629249964 <\/p>    <\/div>\n<\/div>\n<!-- \/module text -->        <\/div>\n                    <div  data-lazy=\"1\" class=\"module_column sub_column col3-2 tb_xn1i106 last\">\n                            <\/div>\n                    <\/div>\n                <\/div>\n                    <div  data-lazy=\"1\" class=\"module_column tb-column col4-1 tb_1igs602 last\">\n                            <\/div>\n                        <\/div>\n        <\/div>\n        <\/div>\n<!--\/themify_builder_content-->","protected":false},"excerpt":{"rendered":"<p>Els nostres Partners AM Domotics<\/p>\n","protected":false},"author":1,"featured_media":0,"parent":0,"menu_order":0,"comment_status":"closed","ping_status":"closed","template":"","meta":{"footnotes":""},"class_list":["post-582","page","type-page","status-publish","hentry","has-post-title","has-post-date","has-post-category","has-post-tag","has-post-comment","has-post-author",""],"builder_content":"<h1 style=\"margin-bottom: 0;\">Els nostres Partners<\/h1> <h5>AM Domotics<\/h5>\n<p data-start=\"97\" data-end=\"510\">La nostra traject\u00f2ria es recolza en tres eixos: <strong data-start=\"140\" data-end=\"164\">experi\u00e8ncia en camp, esfor\u00e7 constant i millora continuada<\/strong>. Aquest enfocament ens ha perm\u00e8s construir relacions de confian\u00e7a amb els principals fabricants i treballar sempre amb <strong data-start=\"166\" data-end=\"188\">plataformes obertes i interoperables<\/strong>, preparades per a entorns <strong data-start=\"191\" data-end=\"210\">IoT <\/strong>(KNX, Zigbee\/Thread-Matter, BACnet, Modbus), evitant el lock-in i garantint projectes escalables. <\/p> <p data-start=\"512\" data-end=\"669\">Col\u00b7laborem estretament amb marques de primer nivell per assegurar qualitat, innovaci\u00f3 i suport t\u00e8cnic excel\u00b7lent a cada fase del projecte.<\/p> <p data-start=\"671\" data-end=\"711\">Qu\u00e8 guanya el client amb aquestes aliances?<\/p> <p data-start=\"714\" data-end=\"796\">Qu\u00e8 guanya el client amb aquestes aliances?<\/p> <p data-start=\"898\" data-end=\"993\">Suport expert: acc\u00e9s directe a enginyeria de fabricant, formaci\u00f3 i best practices.<\/p> <p data-start=\"996\" data-end=\"1079\">Ciberseguretat i compliment: actualitzacions, microprogramari i normatives al dia.<\/p> <p data-start=\"1082\" data-end=\"1163\">Rendiment mesurable: millors temps de posada en marxa i menys incid\u00e8ncies.<\/p> <p data-start=\"1165\" data-end=\"1369\" data-is-last-node=\"\" data-is-only-node=\"\">Fabricants de refer\u00e8ncia Schneider Electric, Jung, Iddero, Intesis, ABB i Siemens, entre d'altres; seleccionats pel seu comprom\u00eds amb la qualitat, inversi\u00f3 en R+D i excel\u00b7l\u00e8ncia en atenci\u00f3 al client.<\/p>\n<img src=\"https:\/\/www.amdomotics.com\/wp-content\/uploads\/2025\/08\/knx_500-160x160.png\" width=\"160\" height=\"160\" title=\"knx+_500\" alt=\"knx+_500\" srcset=\"https:\/\/www.amdomotics.com\/wp-content\/uploads\/2025\/08\/knx_500-160x160.png 160w, https:\/\/www.amdomotics.com\/wp-content\/uploads\/2025\/08\/knx_500-300x300.png 300w, https:\/\/www.amdomotics.com\/wp-content\/uploads\/2025\/08\/knx_500-150x150.png 150w, https:\/\/www.amdomotics.com\/wp-content\/uploads\/2025\/08\/knx_500.png 514w\" sizes=\"(max-width: 160px) 100vw, 160px\" \/>\n<img src=\"https:\/\/www.amdomotics.com\/wp-content\/uploads\/2025\/08\/Logo_of_Modbus.svg-1024x346-160x54.png\" width=\"160\" height=\"54\" title=\"Logo_of_Modbus.svg\" alt=\"Logo_of_Modbus.svg\" srcset=\"https:\/\/www.amdomotics.com\/wp-content\/uploads\/2025\/08\/Logo_of_Modbus.svg-1024x346-160x54.png 160w, https:\/\/www.amdomotics.com\/wp-content\/uploads\/2025\/08\/Logo_of_Modbus.svg-300x101.png 300w, https:\/\/www.amdomotics.com\/wp-content\/uploads\/2025\/08\/Logo_of_Modbus.svg-1024x346.png 1024w, https:\/\/www.amdomotics.com\/wp-content\/uploads\/2025\/08\/Logo_of_Modbus.svg-768x260.png 768w, https:\/\/www.amdomotics.com\/wp-content\/uploads\/2025\/08\/Logo_of_Modbus.svg-1536x519.png 1536w, https:\/\/www.amdomotics.com\/wp-content\/uploads\/2025\/08\/Logo_of_Modbus.svg-2048x692.png 2048w\" sizes=\"(max-width: 160px) 100vw, 160px\" \/>\n<img src=\"https:\/\/www.amdomotics.com\/wp-content\/uploads\/2025\/08\/4311ce00-6c4e-11e9-891a-37a56addc091-1024x512-160x80.png\" width=\"160\" height=\"80\" title=\"4311ce00-6c4e-11e9-891a-37a56addc091\" alt=\"4311ce00-6c4e-11e9-891a-37a56addc091\" srcset=\"https:\/\/www.amdomotics.com\/wp-content\/uploads\/2025\/08\/4311ce00-6c4e-11e9-891a-37a56addc091-1024x512-160x80.png 160w, https:\/\/www.amdomotics.com\/wp-content\/uploads\/2025\/08\/4311ce00-6c4e-11e9-891a-37a56addc091-300x150.png 300w, https:\/\/www.amdomotics.com\/wp-content\/uploads\/2025\/08\/4311ce00-6c4e-11e9-891a-37a56addc091-1024x512.png 1024w, https:\/\/www.amdomotics.com\/wp-content\/uploads\/2025\/08\/4311ce00-6c4e-11e9-891a-37a56addc091-768x384.png 768w, https:\/\/www.amdomotics.com\/wp-content\/uploads\/2025\/08\/4311ce00-6c4e-11e9-891a-37a56addc091.png 1280w\" sizes=\"(max-width: 160px) 100vw, 160px\" \/>\n<img src=\"https:\/\/www.amdomotics.com\/wp-content\/uploads\/2025\/08\/schneider_2-160x160.png\" width=\"160\" height=\"160\" title=\"schneider_2\" alt=\"schneider_2\" srcset=\"https:\/\/www.amdomotics.com\/wp-content\/uploads\/2025\/08\/schneider_2-160x160.png 160w, https:\/\/www.amdomotics.com\/wp-content\/uploads\/2025\/08\/schneider_2-300x300.png 300w, https:\/\/www.amdomotics.com\/wp-content\/uploads\/2025\/08\/schneider_2-150x150.png 150w, https:\/\/www.amdomotics.com\/wp-content\/uploads\/2025\/08\/schneider_2.png 514w\" sizes=\"(max-width: 160px) 100vw, 160px\" \/>\n<img src=\"https:\/\/www.amdomotics.com\/wp-content\/uploads\/2025\/08\/schneider_1-160x160.png\" width=\"160\" height=\"160\" title=\"schneider_1\" alt=\"schneider_1\" srcset=\"https:\/\/www.amdomotics.com\/wp-content\/uploads\/2025\/08\/schneider_1-160x160.png 160w, https:\/\/www.amdomotics.com\/wp-content\/uploads\/2025\/08\/schneider_1-300x300.png 300w, https:\/\/www.amdomotics.com\/wp-content\/uploads\/2025\/08\/schneider_1-150x150.png 150w, https:\/\/www.amdomotics.com\/wp-content\/uploads\/2025\/08\/schneider_1.png 514w\" sizes=\"(max-width: 160px) 100vw, 160px\" \/>\n<h2>Parlem del teu projecte?<\/h2>\n<a href=\"https:\/\/www.amdomotics.com\/ca\/contactar\/\" > Contactar <\/a>\n<iframe src=\"https:\/\/www.google.com\/maps\/embed?pb=!1m18!1m12!1m3!1d2983.579724237526!2d0.5793490764730385!3d41.59997398278125!2m3!1f0!2f0!3f0!3m2!1i1024!2i768!4f13.1!3m3!1m2!1s0x12a71f8aa61bfa81%3A0xef86fb2159db8f3!2sCEEILLEIDA%20(edifici%203)!5e0!3m2!1ses!2ses!4v1747397601936!5m2!1ses!2ses\" width=\"100%\" height=\"450\" style=\"border:0;\" allowfullscreen=\"\" loading=\"lazy\" referrerpolicy=\"no-referrer-when-downgrade\"><\/iframe>\n<h5>Direcci\u00f3<\/h5> <p>Partida de la caparrella 97<br>CEEI Lleida edif. 3 modul 3.10<br>25192 Lleida <\/p>\n\n<p>info@amdomotics.com<br>T. 629249964 <\/p>","_links":{"self":[{"href":"https:\/\/www.amdomotics.com\/ca\/wp-json\/wp\/v2\/pages\/582","targetHints":{"allow":["GET"]}}],"collection":[{"href":"https:\/\/www.amdomotics.com\/ca\/wp-json\/wp\/v2\/pages"}],"about":[{"href":"https:\/\/www.amdomotics.com\/ca\/wp-json\/wp\/v2\/types\/page"}],"author":[{"embeddable":true,"href":"https:\/\/www.amdomotics.com\/ca\/wp-json\/wp\/v2\/users\/1"}],"replies":[{"embeddable":true,"href":"https:\/\/www.amdomotics.com\/ca\/wp-json\/wp\/v2\/comments?post=582"}],"version-history":[{"count":5,"href":"https:\/\/www.amdomotics.com\/ca\/wp-json\/wp\/v2\/pages\/582\/revisions"}],"predecessor-version":[{"id":617,"href":"https:\/\/www.amdomotics.com\/ca\/wp-json\/wp\/v2\/pages\/582\/revisions\/617"}],"wp:attachment":[{"href":"https:\/\/www.amdomotics.com\/ca\/wp-json\/wp\/v2\/media?parent=582"}],"curies":[{"name":"wp","href":"https:\/\/api.w.org\/{rel}","templated":true}]}}