{"id":596,"date":"2016-08-06T17:41:40","date_gmt":"2016-08-06T15:41:40","guid":{"rendered":"https:\/\/www.amdomotics.com\/els-nostres-treballs\/"},"modified":"2025-10-28T12:42:42","modified_gmt":"2025-10-28T11:42:42","slug":"els-nostres-treballs","status":"publish","type":"page","link":"https:\/\/www.amdomotics.com\/ca\/els-nostres-treballs\/","title":{"rendered":"Els nostres treballs"},"content":{"rendered":"<!--themify_builder_content-->\n<div id=\"themify_builder_content-596\" data-postid=\"596\" class=\"themify_builder_content themify_builder_content-596 themify_builder tf_clear\">\n                    <div  data-parallax-bg=\"desktop\" data-lazy=\"1\" class=\"module_row themify_builder_row tb_fe58c64 tb_first tf_w\">\n            <span  class=\"builder_row_cover tf_abs\" data-lazy=\"1\"><\/span>            <div class=\"row_inner col_align_top tb_col_count_1 tf_box tf_rel\">\n                        <div  data-lazy=\"1\" class=\"module_column tb-column col-full tb_bb1b33d first\">\n                    <!-- module text -->\n<div  class=\"module module-text tb_2c0aaca   \" data-lazy=\"1\">\n        <div  class=\"tb_text_wrap\">\n        <h1 style=\"margin-bottom: 0\">Els nostres treballs<\/h1><p>Transformem llars en espais intel\u00b7ligents, segurs i eficients.<br data-start=\"394\" data-end=\"397\">Aqu\u00ed trobareu una selecci\u00f3 dels nostres projectes m\u00e9s destacats, on tecnologia i confort s&#8217;integren de forma senzilla i funcional. Cada soluci\u00f3 ha estat dissenyada a mida, adaptant-se a les necessitats reals dels qui la gaudeixen. <\/p><p data-start=\"640\" data-end=\"845\">Des de l&#8217;automatitzaci\u00f3 de llums i persianes, fins a sistemes avan\u00e7ats de climatitzaci\u00f3 i seguretat, el nostre enfocament sempre \u00e9s el mateix: analitzar, proposar i crear solucions que millorin el teu dia a dia.<\/p><p data-start=\"847\" data-end=\"955\">Explora la nostra feina i descobreix com podem ajudar-te a fer el seg\u00fcent pas cap a una llar intel\u00b7ligent.<\/p>    <\/div>\n<\/div>\n<!-- \/module text -->        <\/div>\n                        <\/div>\n        <\/div>\n                        <div  data-lazy=\"1\" class=\"module_row themify_builder_row tb_a351e37 tf_w\">\n                        <div class=\"row_inner col_align_top tb_col_count_1 tf_box tf_rel\">\n                        <div  data-lazy=\"1\" class=\"module_column tb-column col-full tb_0e1eb13 first\">\n                    <!-- module post -->\n<div  class=\"module module-portfolio tb_3xvh982 \">\n    <div  class=\"builder-posts-wrap loops-wrapper portfolio grid3 masonry classic tf_rel tf_clear tf_clearfix\" data-lazy=\"1\">\n        <\/div><!-- .builder-posts-wrap -->\n                                                <\/div>\n<!-- \/module post -->\n            <\/div>\n                        <\/div>\n        <\/div>\n                        <div  data-lazy=\"1\" class=\"module_row themify_builder_row tb_9366779 tf_w\">\n            <span  class=\"builder_row_cover tf_abs\" data-lazy=\"1\"><\/span>            <div class=\"row_inner col_align_top tb_col_count_1 tf_box tf_rel\">\n                        <div  data-lazy=\"1\" class=\"module_column tb-column col-full tb_8148347 first\">\n                    <!-- module text -->\n<div  class=\"module module-text tb_914a114    wow\" data-tf-animation=\"wobble\" data-lazy=\"1\">\n        <div  class=\"tb_text_wrap\">\n        <h2>Parlem del teu projecte?<\/h2>    <\/div>\n<\/div>\n<!-- \/module text --><!-- module buttons -->\n<div  class=\"module module-buttons tb_1bd24e1 buttons-horizontal outline   squared\" data-lazy=\"1\">\n        <div class=\"module-buttons-item tf_in_flx\">\n                        <a href=\"https:\/\/www.amdomotics.com\/ca\/contactar\/\" class=\"ui builder_button tf_in_flx tb_default_color\" >\n                                                Contactar                                        <\/a>\n                <\/div>\n            <\/div>\n<!-- \/module buttons -->\n        <\/div>\n                        <\/div>\n        <\/div>\n        <\/div>\n<!--\/themify_builder_content-->","protected":false},"excerpt":{"rendered":"<p>Els nostres treballsTransformem llars en espais intel\u00b7ligents, segurs i eficients.Aqu\u00ed trobareu una selecci\u00f3 dels nostres projectes m\u00e9s destacats, on tecnologia i confort s&#8217;integren de forma senzilla i funcional. Cada soluci\u00f3 ha estat dissenyada a mida, adaptant-se a les necessitats reals dels qui la gaudeixen. Des de l&#8217;automatitzaci\u00f3 de llums i persianes, fins a sistemes avan\u00e7ats&hellip; <a class=\"continue\" href=\"https:\/\/www.amdomotics.com\/ca\/els-nostres-treballs\/\">Continue Reading<span> Els nostres treballs<\/span><\/a><\/p>\n","protected":false},"author":1,"featured_media":0,"parent":0,"menu_order":0,"comment_status":"closed","ping_status":"closed","template":"","meta":{"footnotes":""},"class_list":["post-596","page","type-page","status-publish","hentry","has-post-title","has-post-date","has-post-category","has-post-tag","has-post-comment","has-post-author",""],"builder_content":"<h1 style=\"margin-bottom: 0\">Els nostres treballs<\/h1><p>Transformem llars en espais intel\u00b7ligents, segurs i eficients.<br data-start=\"394\" data-end=\"397\">Aqu\u00ed trobareu una selecci\u00f3 dels nostres projectes m\u00e9s destacats, on tecnologia i confort s'integren de forma senzilla i funcional. Cada soluci\u00f3 ha estat dissenyada a mida, adaptant-se a les necessitats reals dels qui la gaudeixen. <\/p><p data-start=\"640\" data-end=\"845\">Des de l'automatitzaci\u00f3 de llums i persianes, fins a sistemes avan\u00e7ats de climatitzaci\u00f3 i seguretat, el nostre enfocament sempre \u00e9s el mateix: analitzar, proposar i crear solucions que millorin el teu dia a dia.<\/p><p data-start=\"847\" data-end=\"955\">Explora la nostra feina i descobreix com podem ajudar-te a fer el seg\u00fcent pas cap a una llar intel\u00b7ligent.<\/p>\n<h2>Parlem del teu projecte?<\/h2>\n<a href=\"https:\/\/www.amdomotics.com\/ca\/contactar\/\" > Contactar <\/a>","_links":{"self":[{"href":"https:\/\/www.amdomotics.com\/ca\/wp-json\/wp\/v2\/pages\/596","targetHints":{"allow":["GET"]}}],"collection":[{"href":"https:\/\/www.amdomotics.com\/ca\/wp-json\/wp\/v2\/pages"}],"about":[{"href":"https:\/\/www.amdomotics.com\/ca\/wp-json\/wp\/v2\/types\/page"}],"author":[{"embeddable":true,"href":"https:\/\/www.amdomotics.com\/ca\/wp-json\/wp\/v2\/users\/1"}],"replies":[{"embeddable":true,"href":"https:\/\/www.amdomotics.com\/ca\/wp-json\/wp\/v2\/comments?post=596"}],"version-history":[{"count":4,"href":"https:\/\/www.amdomotics.com\/ca\/wp-json\/wp\/v2\/pages\/596\/revisions"}],"predecessor-version":[{"id":624,"href":"https:\/\/www.amdomotics.com\/ca\/wp-json\/wp\/v2\/pages\/596\/revisions\/624"}],"wp:attachment":[{"href":"https:\/\/www.amdomotics.com\/ca\/wp-json\/wp\/v2\/media?parent=596"}],"curies":[{"name":"wp","href":"https:\/\/api.w.org\/{rel}","templated":true}]}}